{"id":177,"date":"2023-04-04T05:14:22","date_gmt":"2023-04-04T05:14:22","guid":{"rendered":"https:\/\/yellowprofesional.com.co\/?page_id=177"},"modified":"2023-04-04T13:01:43","modified_gmt":"2023-04-04T13:01:43","slug":"liss-2","status":"publish","type":"page","link":"https:\/\/yellowprofesional.com.co\/index.php\/liss-2\/","title":{"rendered":"Liss"},"content":{"rendered":"\n<div class=\"wp-block-cover alignfull is-light has-custom-content-position is-position-center-right\" style=\"padding-top:0;padding-right:0;padding-bottom:0px;padding-left:0;min-height:670px;aspect-ratio:unset;\"><span aria-hidden=\"true\" class=\"wp-block-cover__background has-background-dim-0 has-background-dim\"><\/span><img loading=\"lazy\" decoding=\"async\" width=\"2560\" height=\"901\" class=\"wp-block-cover__image-background wp-image-179\" alt=\"\" src=\"https:\/\/yellowprofesional.com.co\/wp-content\/uploads\/2023\/04\/banner-liss-scaled.jpg\" data-object-fit=\"cover\" srcset=\"https:\/\/yellowprofesional.com.co\/wp-content\/uploads\/2023\/04\/banner-liss-scaled.jpg 2560w, https:\/\/yellowprofesional.com.co\/wp-content\/uploads\/2023\/04\/banner-liss-300x106.jpg 300w, https:\/\/yellowprofesional.com.co\/wp-content\/uploads\/2023\/04\/banner-liss-1024x361.jpg 1024w, https:\/\/yellowprofesional.com.co\/wp-content\/uploads\/2023\/04\/banner-liss-768x270.jpg 768w, https:\/\/yellowprofesional.com.co\/wp-content\/uploads\/2023\/04\/banner-liss-1536x541.jpg 1536w, https:\/\/yellowprofesional.com.co\/wp-content\/uploads\/2023\/04\/banner-liss-2048x721.jpg 2048w\" sizes=\"auto, (max-width: 2560px) 100vw, 2560px\" \/><div class=\"wp-block-cover__inner-container is-layout-flow wp-block-cover-is-layout-flow\">\n<h2 class=\"wp-block-heading has-text-align-right\" style=\"font-size:70px;font-style:normal;font-weight:600\">LISS<\/h2>\n\n\n\n<h1 class=\"wp-block-heading has-text-align-right has-text-color\" style=\"color:#ce94b4\">Your hair, smoother for longer<\/h1>\n\n\n\n<p class=\"has-text-align-right\">UNA L\u00cdNEA COMPLETA Y DE ALTO RENDIMIENTO QUE REGALA UN\u00a0<strong>CABELLO LISO<\/strong>,\u00a0<strong>BRILLANTE<\/strong>\u00a0Y\u00a0<strong>DISCIPLINADO<\/strong>\u00a0DURANTE TODO EL D\u00cdA.<br>LA\u00a0<strong>NUEVA F\u00d3RMULA,<\/strong>\u00a0AHORA\u00a0<strong>VEGANA,<\/strong>\u00a0AYUDA A QUE EL\u00a0<strong>CABELLO ONDULADO O CRESPO<\/strong>\u00a0SE PUEDA\u00a0<strong>PEINAR CON M\u00c1S FACILIDAD Y SEA M\u00c1S SEDOSO<\/strong>.<br>TAMBI\u00c9N ES PERFECTA PARA EL\u00a0<strong>MANTENIMIENTO DEL CABELLO LISO QU\u00cdMICAMENTE<\/strong>.<\/p>\n<\/div><\/div>\n\n\n\n<h1 class=\"wp-block-heading has-text-align-center has-text-color\" style=\"color:#ce94b4\">Descubre&nbsp;los productos<\/h1>\n\n\n\n<div class=\"wp-block-columns alignwide is-layout-flex wp-container-core-columns-is-layout-9d6595d7 wp-block-columns-is-layout-flex\">\n<div class=\"wp-block-column is-layout-flow wp-block-column-is-layout-flow\" style=\"padding-top:0;padding-right:0;padding-bottom:0;padding-left:0\"><div class=\"wp-block-image\">\n<figure class=\"aligncenter size-full\"><img loading=\"lazy\" decoding=\"async\" width=\"600\" height=\"851\" src=\"https:\/\/yellowprofesional.com.co\/wp-content\/uploads\/2023\/04\/Yellow_Liss_Shampoo_500ml-600x0-c-default.png\" alt=\"\" class=\"wp-image-184\" srcset=\"https:\/\/yellowprofesional.com.co\/wp-content\/uploads\/2023\/04\/Yellow_Liss_Shampoo_500ml-600x0-c-default.png 600w, https:\/\/yellowprofesional.com.co\/wp-content\/uploads\/2023\/04\/Yellow_Liss_Shampoo_500ml-600x0-c-default-212x300.png 212w\" sizes=\"auto, (max-width: 600px) 100vw, 600px\" \/><\/figure>\n<\/div>\n\n\n<h5 class=\"wp-block-heading has-text-align-center\" style=\"font-style:normal;font-weight:700\">CHAMP\u00da<\/h5>\n\n\n\n<p class=\"has-text-align-center\">LIMPIA DELICADAMENTE, DISCIPLINANDO INCLUSO EL CABELLO M\u00c1S REBELDE<\/p>\n<\/div>\n\n\n\n<div class=\"wp-block-column is-layout-flow wp-block-column-is-layout-flow\" style=\"padding-top:0;padding-right:0;padding-bottom:0;padding-left:0\"><div class=\"wp-block-image\">\n<figure class=\"aligncenter size-full\"><img loading=\"lazy\" decoding=\"async\" width=\"600\" height=\"851\" src=\"https:\/\/yellowprofesional.com.co\/wp-content\/uploads\/2023\/04\/Yellow_Liss_Conditioner_PF025112-600x0-c-default.png\" alt=\"\" class=\"wp-image-181\" srcset=\"https:\/\/yellowprofesional.com.co\/wp-content\/uploads\/2023\/04\/Yellow_Liss_Conditioner_PF025112-600x0-c-default.png 600w, https:\/\/yellowprofesional.com.co\/wp-content\/uploads\/2023\/04\/Yellow_Liss_Conditioner_PF025112-600x0-c-default-212x300.png 212w\" sizes=\"auto, (max-width: 600px) 100vw, 600px\" \/><\/figure>\n<\/div>\n\n\n<h5 class=\"wp-block-heading has-text-align-center\" style=\"font-style:normal;font-weight:700\">CONDITIONER<\/h5>\n\n\n\n<p class=\"has-text-align-center\">SUAVIZA EL CABELLO ENCRESPADO SIN APELMAZAR<\/p>\n<\/div>\n\n\n\n<div class=\"wp-block-column is-layout-flow wp-block-column-is-layout-flow\" style=\"padding-top:0;padding-right:0;padding-bottom:0;padding-left:0\"><div class=\"wp-block-image\">\n<figure class=\"aligncenter size-full\"><img loading=\"lazy\" decoding=\"async\" width=\"600\" height=\"851\" src=\"https:\/\/yellowprofesional.com.co\/wp-content\/uploads\/2023\/04\/Yellow_Liss_Mask_PF025113-2-600x0-c-default.png\" alt=\"\" class=\"wp-image-182\" srcset=\"https:\/\/yellowprofesional.com.co\/wp-content\/uploads\/2023\/04\/Yellow_Liss_Mask_PF025113-2-600x0-c-default.png 600w, https:\/\/yellowprofesional.com.co\/wp-content\/uploads\/2023\/04\/Yellow_Liss_Mask_PF025113-2-600x0-c-default-212x300.png 212w\" sizes=\"auto, (max-width: 600px) 100vw, 600px\" \/><\/figure>\n<\/div>\n\n\n<h5 class=\"wp-block-heading has-text-align-center\" style=\"font-style:normal;font-weight:700\">MASK<\/h5>\n\n\n\n<p class=\"has-text-align-center\">NUTRE PROFUNDAMENTE LA FIBRA DE LOS CABELLOS M\u00c1S ENCRESPADOS Y REBELDES<\/p>\n<\/div>\n\n\n\n<div class=\"wp-block-column is-layout-flow wp-block-column-is-layout-flow\" style=\"padding-top:0;padding-right:0;padding-bottom:0;padding-left:0\"><div class=\"wp-block-image\">\n<figure class=\"aligncenter size-full\"><img loading=\"lazy\" decoding=\"async\" width=\"600\" height=\"851\" src=\"https:\/\/yellowprofesional.com.co\/wp-content\/uploads\/2023\/04\/Yellow_Liss_Multi_Benefit_PF025114-600x0-c-default.png\" alt=\"\" class=\"wp-image-183\" srcset=\"https:\/\/yellowprofesional.com.co\/wp-content\/uploads\/2023\/04\/Yellow_Liss_Multi_Benefit_PF025114-600x0-c-default.png 600w, https:\/\/yellowprofesional.com.co\/wp-content\/uploads\/2023\/04\/Yellow_Liss_Multi_Benefit_PF025114-600x0-c-default-212x300.png 212w\" sizes=\"auto, (max-width: 600px) 100vw, 600px\" \/><\/figure>\n<\/div>\n\n\n<h5 class=\"wp-block-heading has-text-align-center\" style=\"font-style:normal;font-weight:700\">MULTI-BENEFIT<\/h5>\n\n\n\n<p class=\"has-text-align-center\">SUERO SIN ENJUAGUE CON 10 BENEFICIOS EN 1 PRODUCTO<\/p>\n<\/div>\n<\/div>\n\n\n\n<div class=\"wp-block-cover alignfull is-light\"><span aria-hidden=\"true\" class=\"wp-block-cover__background has-background-dim-100 has-background-dim\" style=\"background-color:#fbf4f8\"><\/span><div class=\"wp-block-cover__inner-container is-layout-flow wp-block-cover-is-layout-flow\">\n<div class=\"wp-block-columns alignwide is-layout-flex wp-container-core-columns-is-layout-9d6595d7 wp-block-columns-is-layout-flex\">\n<div class=\"wp-block-column is-layout-flow wp-block-column-is-layout-flow\" style=\"padding-top:0;padding-right:0;padding-bottom:0;padding-left:0\">\n<figure class=\"wp-block-image size-full\"><img loading=\"lazy\" decoding=\"async\" width=\"640\" height=\"685\" src=\"https:\/\/yellowprofesional.com.co\/wp-content\/uploads\/2023\/04\/lisse_ingredients.png\" alt=\"\" class=\"wp-image-186\" srcset=\"https:\/\/yellowprofesional.com.co\/wp-content\/uploads\/2023\/04\/lisse_ingredients.png 640w, https:\/\/yellowprofesional.com.co\/wp-content\/uploads\/2023\/04\/lisse_ingredients-280x300.png 280w\" sizes=\"auto, (max-width: 640px) 100vw, 640px\" \/><\/figure>\n<\/div>\n\n\n\n<div class=\"wp-block-column is-layout-flow wp-block-column-is-layout-flow\" style=\"padding-top:0;padding-right:0;padding-bottom:0;padding-left:0\">\n<h3 class=\"wp-block-heading has-text-color\" style=\"color:#ce93b3\"><strong>LA NUEVA RECETA VEGANA DISCIPLINANTE<\/strong><\/h3>\n\n\n\n<h1 class=\"wp-block-heading has-secondary-color has-text-color\">KERAVEG e ACEITE DE AMARANTO<\/h1>\n\n\n\n<h5 class=\"wp-block-heading has-text-color\" style=\"color:#ce93b3;font-style:normal;font-weight:700\">KERAVEG<\/h5>\n\n\n\n<p>ORIGEN NATURAL Y SOSTENIBLE. UN INNOVADOR INGREDIENTE VEGETAL QUE ES UNA \u00d3PTIMA ALTERNATIVA A LA QUERATINA ANIMAL, MANTENIENDO INALTERADO EL RESULTADO. RICO DE AMINO\u00c1CIDOS DE LA SOJA Y DEL TRIGO, DE ACCI\u00d3N ANTIOXIDANTE, PROTEGE EL CABELLO CONTRA LOS DA\u00d1OS SUFRIDOS Y AYUDA A REPARAR LA FIBRA.<\/p>\n\n\n\n<p><\/p>\n\n\n\n<h5 class=\"wp-block-heading has-text-color\" style=\"color:#ce93b3;font-style:normal;font-weight:700\">ACEITE DE AMARANTO<\/h5>\n\n\n\n<p><\/p>\n\n\n\n<p>ORIGEN NATURAL Y SOSTENIBLE.<br>UN ACEITE ESPECIALMENTE RICO EN EMOLIENTES, PROTE\u00cdNAS, SALES MINERALES Y VITAMINA E. NUTRE EN PROFUNDIDAD EL CABELLO Y LO ENVUELVE EN UNA BARRERA FINA PERO TENAZ QUE IMPIDE LA PENETRACI\u00d3N DE LA HUMEDAD EN EL TALLO CAPILAR, PROTEGI\u00c9NDOLO DURANTE MUCHO TIEMPO.<\/p>\n<\/div>\n<\/div>\n<\/div><\/div>\n\n\n\n<h2 class=\"wp-block-heading has-text-align-center has-text-color\" style=\"color:#ce93b3;font-style:normal;font-weight:700\">NUESTRO MATERIAL DE SOPORTE<\/h2>\n\n\n\n<h1 class=\"wp-block-heading has-text-align-center has-secondary-color has-text-color\">Siempre a tu lado!<\/h1>\n\n\n\n<div class=\"wp-block-buttons is-horizontal is-content-justification-center is-layout-flex wp-container-core-buttons-is-layout-499968f5 wp-block-buttons-is-layout-flex\">\n<div class=\"wp-block-button\"><a class=\"wp-block-button__link has-text-align-center wp-element-button\" href=\"https:\/\/yellowprofesional.com.co\/wp-content\/uploads\/2023\/04\/Yellow_Professional_Liss_PP027839_ESP.pdf\" style=\"border-radius:100px\" target=\"_blank\" rel=\"noreferrer noopener\">Descargar material t\u00e9cnico<\/a><\/div>\n<\/div>\n","protected":false},"excerpt":{"rendered":"<p>Descubre&nbsp;los productos CHAMP\u00da LIMPIA DELICADAMENTE, DISCIPLINANDO INCLUSO EL CABELLO M\u00c1S REBELDE CONDITIONER SUAVIZA EL CABELLO ENCRESPADO SIN APELMAZAR MASK NUTRE PROFUNDAMENTE LA FIBRA DE LOS CABELLOS M\u00c1S ENCRESPADOS Y REBELDES MULTI-BENEFIT SUERO SIN ENJUAGUE CON 10 BENEFICIOS EN 1 PRODUCTO NUESTRO MATERIAL DE SOPORTE Siempre a tu lado!<\/p>\n","protected":false},"author":1,"featured_media":0,"parent":0,"menu_order":0,"comment_status":"closed","ping_status":"closed","template":"","meta":{"hide_page_title":"enabled","footnotes":""},"class_list":["post-177","page","type-page","status-publish","hentry"],"_links":{"self":[{"href":"https:\/\/yellowprofesional.com.co\/index.php\/wp-json\/wp\/v2\/pages\/177","targetHints":{"allow":["GET"]}}],"collection":[{"href":"https:\/\/yellowprofesional.com.co\/index.php\/wp-json\/wp\/v2\/pages"}],"about":[{"href":"https:\/\/yellowprofesional.com.co\/index.php\/wp-json\/wp\/v2\/types\/page"}],"author":[{"embeddable":true,"href":"https:\/\/yellowprofesional.com.co\/index.php\/wp-json\/wp\/v2\/users\/1"}],"replies":[{"embeddable":true,"href":"https:\/\/yellowprofesional.com.co\/index.php\/wp-json\/wp\/v2\/comments?post=177"}],"version-history":[{"count":5,"href":"https:\/\/yellowprofesional.com.co\/index.php\/wp-json\/wp\/v2\/pages\/177\/revisions"}],"predecessor-version":[{"id":219,"href":"https:\/\/yellowprofesional.com.co\/index.php\/wp-json\/wp\/v2\/pages\/177\/revisions\/219"}],"wp:attachment":[{"href":"https:\/\/yellowprofesional.com.co\/index.php\/wp-json\/wp\/v2\/media?parent=177"}],"curies":[{"name":"wp","href":"https:\/\/api.w.org\/{rel}","templated":true}]}}