{"id":228,"date":"2023-04-04T17:52:22","date_gmt":"2023-04-04T17:52:22","guid":{"rendered":"https:\/\/yellowprofesional.com.co\/?page_id=228"},"modified":"2023-04-04T17:54:29","modified_gmt":"2023-04-04T17:54:29","slug":"nutritive-2","status":"publish","type":"page","link":"https:\/\/yellowprofesional.com.co\/index.php\/nutritive-2\/","title":{"rendered":"Nutritive"},"content":{"rendered":"\n<div class=\"wp-block-cover alignfull is-light has-custom-content-position is-position-center-right\" style=\"padding-top:0;padding-right:0;padding-bottom:0px;padding-left:0;min-height:670px;aspect-ratio:unset;\"><span aria-hidden=\"true\" class=\"wp-block-cover__background has-background-dim-0 has-background-dim\"><\/span><img loading=\"lazy\" decoding=\"async\" width=\"2560\" height=\"901\" class=\"wp-block-cover__image-background wp-image-198\" alt=\"\" src=\"https:\/\/yellowprofesional.com.co\/wp-content\/uploads\/2023\/04\/banner-nutritive-scaled.jpg\" data-object-fit=\"cover\" srcset=\"https:\/\/yellowprofesional.com.co\/wp-content\/uploads\/2023\/04\/banner-nutritive-scaled.jpg 2560w, https:\/\/yellowprofesional.com.co\/wp-content\/uploads\/2023\/04\/banner-nutritive-300x106.jpg 300w, https:\/\/yellowprofesional.com.co\/wp-content\/uploads\/2023\/04\/banner-nutritive-1024x361.jpg 1024w, https:\/\/yellowprofesional.com.co\/wp-content\/uploads\/2023\/04\/banner-nutritive-768x270.jpg 768w, https:\/\/yellowprofesional.com.co\/wp-content\/uploads\/2023\/04\/banner-nutritive-1536x541.jpg 1536w, https:\/\/yellowprofesional.com.co\/wp-content\/uploads\/2023\/04\/banner-nutritive-2048x721.jpg 2048w\" sizes=\"auto, (max-width: 2560px) 100vw, 2560px\" \/><div class=\"wp-block-cover__inner-container is-layout-flow wp-block-cover-is-layout-flow\">\n<h2 class=\"wp-block-heading has-text-align-right\" style=\"font-size:70px;font-style:normal;font-weight:600\">COLOR<\/h2>\n\n\n\n<h1 class=\"wp-block-heading has-text-align-right has-text-color\" style=\"color:#782f29\">An explosion for dry hair!<\/h1>\n\n\n\n<p class=\"has-text-align-right\">UNA L\u00cdNEA PENSADA PARA\u00a0<strong>DEVOLVER LA VITALIDAD<\/strong>AL\u00a0<strong>CABELLO SECO<\/strong>\u00a0Y\u00a0<strong>MUY SECO.<\/strong><br>SU F\u00d3RMULA AYUDA A\u00a0<strong>NUTRIR<\/strong>\u00a0EN A PROFUNDIDAD EL\u00a0<strong>CABELLO DESHIDRATADO<\/strong>, APORT\u00c1NDOLE\u00a0<strong>SUAVIDAD<\/strong>\u00a0Y\u00a0<strong>BRILLO<\/strong>\u00a0D\u00cdA TRAS D\u00cdA.<\/p>\n<\/div><\/div>\n\n\n\n<h1 class=\"wp-block-heading has-text-align-center has-text-color\" style=\"color:#782f29\">Descubre&nbsp;los productos<\/h1>\n\n\n\n<div class=\"wp-block-columns alignwide is-layout-flex wp-container-core-columns-is-layout-9d6595d7 wp-block-columns-is-layout-flex\">\n<div class=\"wp-block-column is-layout-flow wp-block-column-is-layout-flow\" style=\"padding-top:0;padding-right:0;padding-bottom:0;padding-left:0\"><div class=\"wp-block-image\">\n<figure class=\"aligncenter size-full\"><img loading=\"lazy\" decoding=\"async\" width=\"600\" height=\"851\" src=\"https:\/\/yellowprofesional.com.co\/wp-content\/uploads\/2023\/04\/YELLOW_Nutritive_Shampoo-600x0-c-default.png\" alt=\"\" class=\"wp-image-229\" srcset=\"https:\/\/yellowprofesional.com.co\/wp-content\/uploads\/2023\/04\/YELLOW_Nutritive_Shampoo-600x0-c-default.png 600w, https:\/\/yellowprofesional.com.co\/wp-content\/uploads\/2023\/04\/YELLOW_Nutritive_Shampoo-600x0-c-default-212x300.png 212w\" sizes=\"auto, (max-width: 600px) 100vw, 600px\" \/><\/figure>\n<\/div>\n\n\n<h5 class=\"wp-block-heading has-text-align-center\" style=\"font-style:normal;font-weight:700\">SHAMPOO<\/h5>\n\n\n\n<p class=\"has-text-align-center\">LIMPIA DELICADAMENTE NUTRIENDO EL CABELLO D\u00cdA A D\u00cdA<\/p>\n<\/div>\n\n\n\n<div class=\"wp-block-column is-layout-flow wp-block-column-is-layout-flow\" style=\"padding-top:0;padding-right:0;padding-bottom:0;padding-left:0\"><div class=\"wp-block-image\">\n<figure class=\"aligncenter size-full\"><img loading=\"lazy\" decoding=\"async\" width=\"600\" height=\"851\" src=\"https:\/\/yellowprofesional.com.co\/wp-content\/uploads\/2023\/04\/YELLOW_Nutritive_Leave-in-conditioner-600x0-c-default.png\" alt=\"\" class=\"wp-image-232\" srcset=\"https:\/\/yellowprofesional.com.co\/wp-content\/uploads\/2023\/04\/YELLOW_Nutritive_Leave-in-conditioner-600x0-c-default.png 600w, https:\/\/yellowprofesional.com.co\/wp-content\/uploads\/2023\/04\/YELLOW_Nutritive_Leave-in-conditioner-600x0-c-default-212x300.png 212w\" sizes=\"auto, (max-width: 600px) 100vw, 600px\" \/><\/figure>\n<\/div>\n\n\n<h5 class=\"wp-block-heading has-text-align-center\" style=\"font-style:normal;font-weight:700\">LEAVE-IN CONDITIONER<\/h5>\n\n\n\n<p class=\"has-text-align-center\">PERFECTO PARA DESENREDAR INCLUSO EL CABELLO M\u00c1S SECO<\/p>\n<\/div>\n\n\n\n<div class=\"wp-block-column is-layout-flow wp-block-column-is-layout-flow\" style=\"padding-top:0;padding-right:0;padding-bottom:0;padding-left:0\"><div class=\"wp-block-image\">\n<figure class=\"aligncenter size-full\"><img loading=\"lazy\" decoding=\"async\" width=\"600\" height=\"851\" src=\"https:\/\/yellowprofesional.com.co\/wp-content\/uploads\/2023\/04\/YELLOW_Nutritive_Mask-600x0-c-default.png\" alt=\"\" class=\"wp-image-231\" srcset=\"https:\/\/yellowprofesional.com.co\/wp-content\/uploads\/2023\/04\/YELLOW_Nutritive_Mask-600x0-c-default.png 600w, https:\/\/yellowprofesional.com.co\/wp-content\/uploads\/2023\/04\/YELLOW_Nutritive_Mask-600x0-c-default-212x300.png 212w\" sizes=\"auto, (max-width: 600px) 100vw, 600px\" \/><\/figure>\n<\/div>\n\n\n<h5 class=\"wp-block-heading has-text-align-center\" style=\"font-style:normal;font-weight:700\">MASK<\/h5>\n\n\n\n<p class=\"has-text-align-center\">UNA VERDADERA BOMBA INCLUSO PARA EL CABELLO M\u00c1S SECO<\/p>\n<\/div>\n\n\n\n<div class=\"wp-block-column is-layout-flow wp-block-column-is-layout-flow\" style=\"padding-top:0;padding-right:0;padding-bottom:0;padding-left:0\"><div class=\"wp-block-image\">\n<figure class=\"aligncenter size-full\"><img loading=\"lazy\" decoding=\"async\" width=\"600\" height=\"851\" src=\"https:\/\/yellowprofesional.com.co\/wp-content\/uploads\/2023\/04\/YELLOW_Nutritive_Oil-600x0-c-default.png\" alt=\"\" class=\"wp-image-230\" srcset=\"https:\/\/yellowprofesional.com.co\/wp-content\/uploads\/2023\/04\/YELLOW_Nutritive_Oil-600x0-c-default.png 600w, https:\/\/yellowprofesional.com.co\/wp-content\/uploads\/2023\/04\/YELLOW_Nutritive_Oil-600x0-c-default-212x300.png 212w\" sizes=\"auto, (max-width: 600px) 100vw, 600px\" \/><\/figure>\n<\/div>\n\n\n<h5 class=\"wp-block-heading has-text-align-center\" style=\"font-style:normal;font-weight:700\">OIL<\/h5>\n\n\n\n<p class=\"has-text-align-center\">PRECIOSO ACEITE PARA NUTRIR Y APORTAR BRILLO A LOS CABELLOS SECOS<\/p>\n<\/div>\n<\/div>\n\n\n\n<div class=\"wp-block-cover alignfull is-light\"><span aria-hidden=\"true\" class=\"wp-block-cover__background has-background-dim-100 has-background-dim\" style=\"background-color:#f6f3f2\"><\/span><div class=\"wp-block-cover__inner-container is-layout-flow wp-block-cover-is-layout-flow\">\n<div class=\"wp-block-columns alignwide is-layout-flex wp-container-core-columns-is-layout-9d6595d7 wp-block-columns-is-layout-flex\">\n<div class=\"wp-block-column is-layout-flow wp-block-column-is-layout-flow\" style=\"padding-top:0;padding-right:0;padding-bottom:0;padding-left:0\">\n<figure class=\"wp-block-image size-full\"><img loading=\"lazy\" decoding=\"async\" width=\"640\" height=\"685\" src=\"https:\/\/yellowprofesional.com.co\/wp-content\/uploads\/2023\/04\/nutritive_ingredients.png\" alt=\"\" class=\"wp-image-233\" srcset=\"https:\/\/yellowprofesional.com.co\/wp-content\/uploads\/2023\/04\/nutritive_ingredients.png 640w, https:\/\/yellowprofesional.com.co\/wp-content\/uploads\/2023\/04\/nutritive_ingredients-280x300.png 280w\" sizes=\"auto, (max-width: 640px) 100vw, 640px\" \/><\/figure>\n<\/div>\n\n\n\n<div class=\"wp-block-column is-layout-flow wp-block-column-is-layout-flow\" style=\"padding-top:0;padding-right:0;padding-bottom:0;padding-left:0\">\n<h3 class=\"wp-block-heading has-text-color\" style=\"color:#782f29\"><strong>NUTRICI\u00d3N EN ESTADO PURO<\/strong><\/h3>\n\n\n\n<h1 class=\"wp-block-heading has-secondary-color has-text-color\">ACEITE DE ARG\u00c1N y ACEITE DE COCO<\/h1>\n\n\n\n<figure class=\"wp-block-image size-full\"><img loading=\"lazy\" decoding=\"async\" width=\"106\" height=\"110\" src=\"https:\/\/yellowprofesional.com.co\/wp-content\/uploads\/2023\/04\/vegan-new-1.png\" alt=\"\" class=\"wp-image-152\"\/><\/figure>\n\n\n\n<p><\/p>\n\n\n\n<h5 class=\"wp-block-heading has-text-color\" style=\"color:#782f29;font-style:normal;font-weight:700\">ACEITE DE ARG\u00c1N<\/h5>\n\n\n\n<p>ORIGEN NATURAL. CONOCIDO EN TODO EL MUNDO POR SUS PROPIEDADES REVITALIZANTES, ESTE ACEITE, RICO EN OMEGA 3, OMEGA 6 Y VITAMINA E, DEVUELVE AL CABELLO UN ASPECTO VITAL Y SEDOSO.<\/p>\n\n\n\n<p><\/p>\n\n\n\n<h5 class=\"wp-block-heading has-text-color\" style=\"color:#782f29;font-style:normal;font-weight:700\">ACEITE DE COCO<\/h5>\n\n\n\n<p><\/p>\n\n\n\n<p>ORIGEN NATURAL. UN ACEITE MUY PRECIADO EN COSM\u00c9TICA POR SUS PODERES NUTRITIVOS Y REGENERADORES. LA PRESENCIA DE EMOLIENTES Y VITAMINA E HACE QUE SEA PERFECTO PARA NUTRIR A PROFUNDIDAD LA FIBRA CAPILAR.<\/p>\n<\/div>\n<\/div>\n<\/div><\/div>\n\n\n\n<h2 class=\"wp-block-heading has-text-align-center has-text-color\" style=\"color:#782f29;font-style:normal;font-weight:700\">NUESTRO MATERIAL DE SOPORTE<\/h2>\n\n\n\n<h1 class=\"wp-block-heading has-text-align-center has-secondary-color has-text-color\">Siempre a tu lado!<\/h1>\n\n\n\n<div class=\"wp-block-buttons is-horizontal is-content-justification-center is-layout-flex wp-container-core-buttons-is-layout-499968f5 wp-block-buttons-is-layout-flex\">\n<div class=\"wp-block-button\"><a class=\"wp-block-button__link has-text-align-center wp-element-button\" href=\"https:\/\/yellowprofesional.com.co\/wp-content\/uploads\/2023\/04\/step_nutritive_esp.pdf\" style=\"border-radius:100px\" target=\"_blank\" rel=\"noreferrer noopener\">Descargar material t\u00e9cnico<\/a><\/div>\n<\/div>\n","protected":false},"excerpt":{"rendered":"<p>Descubre&nbsp;los productos SHAMPOO LIMPIA DELICADAMENTE NUTRIENDO EL CABELLO D\u00cdA A D\u00cdA LEAVE-IN CONDITIONER PERFECTO PARA DESENREDAR INCLUSO EL CABELLO M\u00c1S SECO MASK UNA VERDADERA BOMBA INCLUSO PARA EL CABELLO M\u00c1S SECO OIL PRECIOSO ACEITE PARA NUTRIR Y APORTAR BRILLO A LOS CABELLOS SECOS NUESTRO MATERIAL DE SOPORTE Siempre a tu lado!<\/p>\n","protected":false},"author":1,"featured_media":0,"parent":0,"menu_order":0,"comment_status":"closed","ping_status":"closed","template":"","meta":{"hide_page_title":"enabled","footnotes":""},"class_list":["post-228","page","type-page","status-publish","hentry"],"_links":{"self":[{"href":"https:\/\/yellowprofesional.com.co\/index.php\/wp-json\/wp\/v2\/pages\/228","targetHints":{"allow":["GET"]}}],"collection":[{"href":"https:\/\/yellowprofesional.com.co\/index.php\/wp-json\/wp\/v2\/pages"}],"about":[{"href":"https:\/\/yellowprofesional.com.co\/index.php\/wp-json\/wp\/v2\/types\/page"}],"author":[{"embeddable":true,"href":"https:\/\/yellowprofesional.com.co\/index.php\/wp-json\/wp\/v2\/users\/1"}],"replies":[{"embeddable":true,"href":"https:\/\/yellowprofesional.com.co\/index.php\/wp-json\/wp\/v2\/comments?post=228"}],"version-history":[{"count":2,"href":"https:\/\/yellowprofesional.com.co\/index.php\/wp-json\/wp\/v2\/pages\/228\/revisions"}],"predecessor-version":[{"id":236,"href":"https:\/\/yellowprofesional.com.co\/index.php\/wp-json\/wp\/v2\/pages\/228\/revisions\/236"}],"wp:attachment":[{"href":"https:\/\/yellowprofesional.com.co\/index.php\/wp-json\/wp\/v2\/media?parent=228"}],"curies":[{"name":"wp","href":"https:\/\/api.w.org\/{rel}","templated":true}]}}