{"id":237,"date":"2023-04-04T18:06:20","date_gmt":"2023-04-04T18:06:20","guid":{"rendered":"https:\/\/yellowprofesional.com.co\/?page_id=237"},"modified":"2023-04-04T18:06:45","modified_gmt":"2023-04-04T18:06:45","slug":"repair-2","status":"publish","type":"page","link":"https:\/\/yellowprofesional.com.co\/index.php\/repair-2\/","title":{"rendered":"Repair"},"content":{"rendered":"\n<div class=\"wp-block-cover alignfull is-light has-custom-content-position is-position-center-right\" style=\"padding-top:0;padding-right:0;padding-bottom:0px;padding-left:0;min-height:670px;aspect-ratio:unset;\"><span aria-hidden=\"true\" class=\"wp-block-cover__background has-background-dim-0 has-background-dim\"><\/span><img loading=\"lazy\" decoding=\"async\" width=\"2560\" height=\"901\" class=\"wp-block-cover__image-background wp-image-238\" alt=\"\" src=\"https:\/\/yellowprofesional.com.co\/wp-content\/uploads\/2023\/04\/banner-repair-1-scaled.jpg\" data-object-fit=\"cover\" srcset=\"https:\/\/yellowprofesional.com.co\/wp-content\/uploads\/2023\/04\/banner-repair-1-scaled.jpg 2560w, https:\/\/yellowprofesional.com.co\/wp-content\/uploads\/2023\/04\/banner-repair-1-300x106.jpg 300w, https:\/\/yellowprofesional.com.co\/wp-content\/uploads\/2023\/04\/banner-repair-1-1024x361.jpg 1024w, https:\/\/yellowprofesional.com.co\/wp-content\/uploads\/2023\/04\/banner-repair-1-768x270.jpg 768w, https:\/\/yellowprofesional.com.co\/wp-content\/uploads\/2023\/04\/banner-repair-1-1536x541.jpg 1536w, https:\/\/yellowprofesional.com.co\/wp-content\/uploads\/2023\/04\/banner-repair-1-2048x721.jpg 2048w\" sizes=\"auto, (max-width: 2560px) 100vw, 2560px\" \/><div class=\"wp-block-cover__inner-container is-layout-flow wp-block-cover-is-layout-flow\">\n<h2 class=\"wp-block-heading has-text-align-right\" style=\"font-size:70px;font-style:normal;font-weight:600\">REPAIR<\/h2>\n\n\n\n<h1 class=\"wp-block-heading has-text-align-right has-text-color\" style=\"color:#ee7323\">The perfect energy boost for your hair!<\/h1>\n\n\n\n<p class=\"has-text-align-right\">LA L\u00cdNEA PARA\u00a0<strong>CABELLOS DA\u00d1ADOS<\/strong>\u00a0Y<strong>\u00a0EXTREMADAMENTE DA\u00d1ADOS<\/strong>. PENSADA PARA\u00a0<strong>REPARAR EN PROFUNDIDAD<\/strong>\u00a0Y, GRACIAS A NUESTRO \u00abSUPERH\u00c9ROE\u00bb BOND HERO,\u00a0<strong>PROTEGER<\/strong>\u00a0DURANTE LOS SERVICIOS T\u00c9CNICOS Y\u00a0<strong>PERSONALIZAR<\/strong>\u00a0LOS TRATAMIENTOS DE CUIDADO. SU F\u00d3RMULA, USO TRAS USO,\u00a0<strong>REESTRUCTURA LA FIBRA CAPILAR<\/strong>\u00a0Y LE DEVUELVE UN\u00a0<strong>ASPECTO M\u00c1S SANO Y VITAL<\/strong>.<\/p>\n<\/div><\/div>\n\n\n\n<h1 class=\"wp-block-heading has-text-align-center has-text-color\" style=\"color:#ee7323\">Descubre&nbsp;los productos<\/h1>\n\n\n\n<div class=\"wp-block-columns alignwide is-layout-flex wp-container-core-columns-is-layout-9d6595d7 wp-block-columns-is-layout-flex\">\n<div class=\"wp-block-column is-layout-flow wp-block-column-is-layout-flow\" style=\"padding-top:0;padding-right:0;padding-bottom:0;padding-left:0\"><div class=\"wp-block-image\">\n<figure class=\"aligncenter size-full\"><img loading=\"lazy\" decoding=\"async\" width=\"600\" height=\"851\" src=\"https:\/\/yellowprofesional.com.co\/wp-content\/uploads\/2023\/04\/YELLOW_Repair_Shampoo-1-600x0-c-default.png\" alt=\"\" class=\"wp-image-242\" srcset=\"https:\/\/yellowprofesional.com.co\/wp-content\/uploads\/2023\/04\/YELLOW_Repair_Shampoo-1-600x0-c-default.png 600w, https:\/\/yellowprofesional.com.co\/wp-content\/uploads\/2023\/04\/YELLOW_Repair_Shampoo-1-600x0-c-default-212x300.png 212w\" sizes=\"auto, (max-width: 600px) 100vw, 600px\" \/><\/figure>\n<\/div>\n\n\n<h5 class=\"wp-block-heading has-text-align-center\" style=\"font-style:normal;font-weight:700\"><strong>SHAMPOO<\/strong><\/h5>\n\n\n\n<p class=\"has-text-align-center\">LIMPIA DELICADAMENTE DONANDO FUERZA Y ELASTICIDAD<\/p>\n<\/div>\n\n\n\n<div class=\"wp-block-column is-layout-flow wp-block-column-is-layout-flow\" style=\"padding-top:0;padding-right:0;padding-bottom:0;padding-left:0\"><div class=\"wp-block-image\">\n<figure class=\"aligncenter size-full\"><img loading=\"lazy\" decoding=\"async\" width=\"600\" height=\"851\" src=\"https:\/\/yellowprofesional.com.co\/wp-content\/uploads\/2023\/04\/YELLOW_Repair_Conditioner-3-600x0-c-default.png\" alt=\"\" class=\"wp-image-240\" srcset=\"https:\/\/yellowprofesional.com.co\/wp-content\/uploads\/2023\/04\/YELLOW_Repair_Conditioner-3-600x0-c-default.png 600w, https:\/\/yellowprofesional.com.co\/wp-content\/uploads\/2023\/04\/YELLOW_Repair_Conditioner-3-600x0-c-default-212x300.png 212w\" sizes=\"auto, (max-width: 600px) 100vw, 600px\" \/><\/figure>\n<\/div>\n\n\n<h5 class=\"wp-block-heading has-text-align-center\" style=\"font-style:normal;font-weight:700\"><strong>LEAVE-IN CONDITIONER<\/strong><\/h5>\n\n\n\n<p class=\"has-text-align-center\">REPARA EL CABELLO DA\u00d1ADO SIN APELMAZAR<\/p>\n<\/div>\n\n\n\n<div class=\"wp-block-column is-layout-flow wp-block-column-is-layout-flow\" style=\"padding-top:0;padding-right:0;padding-bottom:0;padding-left:0\"><div class=\"wp-block-image\">\n<figure class=\"aligncenter size-full\"><img loading=\"lazy\" decoding=\"async\" width=\"600\" height=\"851\" src=\"https:\/\/yellowprofesional.com.co\/wp-content\/uploads\/2023\/04\/YELLOW_Repair_Mask-600x0-c-default.png\" alt=\"\" class=\"wp-image-241\" srcset=\"https:\/\/yellowprofesional.com.co\/wp-content\/uploads\/2023\/04\/YELLOW_Repair_Mask-600x0-c-default.png 600w, https:\/\/yellowprofesional.com.co\/wp-content\/uploads\/2023\/04\/YELLOW_Repair_Mask-600x0-c-default-212x300.png 212w\" sizes=\"auto, (max-width: 600px) 100vw, 600px\" \/><\/figure>\n<\/div>\n\n\n<h5 class=\"wp-block-heading has-text-align-center\" style=\"font-style:normal;font-weight:700\"><strong>MASK<\/strong><\/h5>\n\n\n\n<p class=\"has-text-align-center\">REPARA EN PROFUNDIDAD LOS CABELLOS EXTREMADAMENTE DA\u00d1ADOS<\/p>\n<\/div>\n\n\n\n<div class=\"wp-block-column is-layout-flow wp-block-column-is-layout-flow\" style=\"padding-top:0;padding-right:0;padding-bottom:0;padding-left:0\"><div class=\"wp-block-image\">\n<figure class=\"aligncenter size-full\"><img loading=\"lazy\" decoding=\"async\" width=\"600\" height=\"851\" src=\"https:\/\/yellowprofesional.com.co\/wp-content\/uploads\/2023\/04\/YELLOW_Repair_Bond_Hero-600x0-c-default.png\" alt=\"\" class=\"wp-image-239\" srcset=\"https:\/\/yellowprofesional.com.co\/wp-content\/uploads\/2023\/04\/YELLOW_Repair_Bond_Hero-600x0-c-default.png 600w, https:\/\/yellowprofesional.com.co\/wp-content\/uploads\/2023\/04\/YELLOW_Repair_Bond_Hero-600x0-c-default-212x300.png 212w\" sizes=\"auto, (max-width: 600px) 100vw, 600px\" \/><\/figure>\n<\/div>\n\n\n<h5 class=\"wp-block-heading has-text-align-center\" style=\"font-style:normal;font-weight:700\"><strong>BOND HERO<\/strong><\/h5>\n\n\n\n<p class=\"has-text-align-center\">BOOSTER CONCENTRADO DE REPARACI\u00d3N Y PROTECCI\u00d3N<\/p>\n<\/div>\n<\/div>\n\n\n\n<div class=\"wp-block-cover alignfull is-light\"><span aria-hidden=\"true\" class=\"wp-block-cover__background has-background-dim-100 has-background-dim\" style=\"background-color:#fff7f3\"><\/span><div class=\"wp-block-cover__inner-container is-layout-flow wp-block-cover-is-layout-flow\">\n<div class=\"wp-block-columns alignwide is-layout-flex wp-container-core-columns-is-layout-9d6595d7 wp-block-columns-is-layout-flex\">\n<div class=\"wp-block-column is-layout-flow wp-block-column-is-layout-flow\" style=\"padding-top:0;padding-right:0;padding-bottom:0;padding-left:0\">\n<figure class=\"wp-block-image size-full\"><img loading=\"lazy\" decoding=\"async\" width=\"640\" height=\"685\" src=\"https:\/\/yellowprofesional.com.co\/wp-content\/uploads\/2023\/04\/repair_ingredients.png\" alt=\"\" class=\"wp-image-243\" srcset=\"https:\/\/yellowprofesional.com.co\/wp-content\/uploads\/2023\/04\/repair_ingredients.png 640w, https:\/\/yellowprofesional.com.co\/wp-content\/uploads\/2023\/04\/repair_ingredients-280x300.png 280w\" sizes=\"auto, (max-width: 640px) 100vw, 640px\" \/><\/figure>\n<\/div>\n\n\n\n<div class=\"wp-block-column is-layout-flow wp-block-column-is-layout-flow\" style=\"padding-top:0;padding-right:0;padding-bottom:0;padding-left:0\">\n<h3 class=\"wp-block-heading has-text-color\" style=\"color:#ee7323\"><strong>UNA EXPLOSI\u00d3N DE ENERG\u00cdA<\/strong><\/h3>\n\n\n\n<h1 class=\"wp-block-heading has-secondary-color has-text-color\">directamente de la naturaleza<\/h1>\n\n\n\n<h3 class=\"wp-block-heading has-text-color\" style=\"color:#ee7323\"><strong>MANTECA DE CACAO<br>y PROTE\u00cdNAS DE ALMENDRA<\/strong><\/h3>\n\n\n\n<figure class=\"wp-block-image size-full\"><img loading=\"lazy\" decoding=\"async\" width=\"106\" height=\"110\" src=\"https:\/\/yellowprofesional.com.co\/wp-content\/uploads\/2023\/04\/vegan-new-1.png\" alt=\"\" class=\"wp-image-152\"\/><\/figure>\n\n\n\n<p><\/p>\n\n\n\n<h5 class=\"wp-block-heading has-text-color\" style=\"color:#ee7323;font-style:normal;font-weight:700\">MANTECA DE CACAO<\/h5>\n\n\n\n<p>ORIGEN NATURAL. GRACIAS A SU BAJO PESO MOLECULAR, PENETRAN EN LAS CAPAS M\u00c1S PROFUNDAS DE LA FIBRA, INTERACTUANDO CON LA QUERATINA DEL CABELLO PARA PROTEGERLO Y AYUDAR A REPARAR EL CABELLO DA\u00d1ADO.<\/p>\n\n\n\n<p><\/p>\n\n\n\n<h5 class=\"wp-block-heading has-text-color\" style=\"color:#ee7323;font-style:normal;font-weight:700\">PROTE\u00cdNAS DE ALMENDRA<\/h5>\n\n\n\n<p><\/p>\n\n\n\n<p>ORIGEN NATURAL. LOS \u00c1CIDOS GRASOS QUE CONTIENE ACTUAN SOBRE LA ESTRUCTURA LIP\u00cdDICA DEVOLVIENDO NUTRICI\u00d3N Y CONSISTENCIA A LA CUT\u00cdCULA.<\/p>\n<\/div>\n<\/div>\n<\/div><\/div>\n\n\n\n<h2 class=\"wp-block-heading has-text-align-center has-text-color\" style=\"color:#ee7323;font-style:normal;font-weight:700\">NUESTRO MATERIAL DE SOPORTE<\/h2>\n\n\n\n<h1 class=\"wp-block-heading has-text-align-center has-secondary-color has-text-color\">Siempre a tu lado!<\/h1>\n\n\n\n<div class=\"wp-block-buttons is-horizontal is-content-justification-center is-layout-flex wp-container-core-buttons-is-layout-499968f5 wp-block-buttons-is-layout-flex\">\n<div class=\"wp-block-button\"><a class=\"wp-block-button__link has-text-align-center wp-element-button\" href=\"https:\/\/yellowprofesional.com.co\/wp-content\/uploads\/2023\/04\/step_repair-ES.pdf\" style=\"border-radius:100px\" target=\"_blank\" rel=\"noreferrer noopener\">Descargar material t\u00e9cnico<\/a><\/div>\n<\/div>\n","protected":false},"excerpt":{"rendered":"<p>Descubre&nbsp;los productos SHAMPOO LIMPIA DELICADAMENTE DONANDO FUERZA Y ELASTICIDAD LEAVE-IN CONDITIONER REPARA EL CABELLO DA\u00d1ADO SIN APELMAZAR MASK REPARA EN PROFUNDIDAD LOS CABELLOS EXTREMADAMENTE DA\u00d1ADOS BOND HERO BOOSTER CONCENTRADO DE REPARACI\u00d3N Y PROTECCI\u00d3N NUESTRO MATERIAL DE SOPORTE Siempre a tu lado!<\/p>\n","protected":false},"author":1,"featured_media":0,"parent":0,"menu_order":0,"comment_status":"closed","ping_status":"closed","template":"","meta":{"hide_page_title":"enabled","footnotes":""},"class_list":["post-237","page","type-page","status-publish","hentry"],"_links":{"self":[{"href":"https:\/\/yellowprofesional.com.co\/index.php\/wp-json\/wp\/v2\/pages\/237","targetHints":{"allow":["GET"]}}],"collection":[{"href":"https:\/\/yellowprofesional.com.co\/index.php\/wp-json\/wp\/v2\/pages"}],"about":[{"href":"https:\/\/yellowprofesional.com.co\/index.php\/wp-json\/wp\/v2\/types\/page"}],"author":[{"embeddable":true,"href":"https:\/\/yellowprofesional.com.co\/index.php\/wp-json\/wp\/v2\/users\/1"}],"replies":[{"embeddable":true,"href":"https:\/\/yellowprofesional.com.co\/index.php\/wp-json\/wp\/v2\/comments?post=237"}],"version-history":[{"count":3,"href":"https:\/\/yellowprofesional.com.co\/index.php\/wp-json\/wp\/v2\/pages\/237\/revisions"}],"predecessor-version":[{"id":247,"href":"https:\/\/yellowprofesional.com.co\/index.php\/wp-json\/wp\/v2\/pages\/237\/revisions\/247"}],"wp:attachment":[{"href":"https:\/\/yellowprofesional.com.co\/index.php\/wp-json\/wp\/v2\/media?parent=237"}],"curies":[{"name":"wp","href":"https:\/\/api.w.org\/{rel}","templated":true}]}}