{"id":250,"date":"2023-04-05T13:31:37","date_gmt":"2023-04-05T13:31:37","guid":{"rendered":"https:\/\/yellowprofesional.com.co\/?page_id=250"},"modified":"2023-04-05T13:31:37","modified_gmt":"2023-04-05T13:31:37","slug":"silver-2","status":"publish","type":"page","link":"https:\/\/yellowprofesional.com.co\/index.php\/silver-2\/","title":{"rendered":"Silver"},"content":{"rendered":"\n<div class=\"wp-block-cover alignfull is-light has-custom-content-position is-position-center-right\" style=\"padding-top:0;padding-right:0;padding-bottom:0px;padding-left:0;min-height:670px;aspect-ratio:unset;\"><span aria-hidden=\"true\" class=\"wp-block-cover__background has-background-dim-0 has-background-dim\"><\/span><img loading=\"lazy\" decoding=\"async\" width=\"2560\" height=\"901\" class=\"wp-block-cover__image-background wp-image-251\" alt=\"\" src=\"https:\/\/yellowprofesional.com.co\/wp-content\/uploads\/2023\/04\/banner-silver-1-scaled.jpg\" data-object-fit=\"cover\" srcset=\"https:\/\/yellowprofesional.com.co\/wp-content\/uploads\/2023\/04\/banner-silver-1-scaled.jpg 2560w, https:\/\/yellowprofesional.com.co\/wp-content\/uploads\/2023\/04\/banner-silver-1-300x106.jpg 300w, https:\/\/yellowprofesional.com.co\/wp-content\/uploads\/2023\/04\/banner-silver-1-1024x361.jpg 1024w, https:\/\/yellowprofesional.com.co\/wp-content\/uploads\/2023\/04\/banner-silver-1-768x270.jpg 768w, https:\/\/yellowprofesional.com.co\/wp-content\/uploads\/2023\/04\/banner-silver-1-1536x541.jpg 1536w, https:\/\/yellowprofesional.com.co\/wp-content\/uploads\/2023\/04\/banner-silver-1-2048x721.jpg 2048w\" sizes=\"auto, (max-width: 2560px) 100vw, 2560px\" \/><div class=\"wp-block-cover__inner-container is-layout-flow wp-block-cover-is-layout-flow\">\n<h2 class=\"wp-block-heading has-text-align-right\" style=\"font-size:70px;font-style:normal;font-weight:600\">SILVER<\/h2>\n\n\n\n<h1 class=\"wp-block-heading has-text-align-right has-text-color\" style=\"color:#8583be\">Ready for a cool party!<\/h1>\n\n\n\n<p class=\"has-text-align-right\">LA NUEVA L\u00cdNEA DE YELLOW PERFECTA PARA\u00a0<strong>ELIMINAR<\/strong>\u00a0DEL CABELLO<br><strong>LOS TONOS AMARILLOS\/NARANJA INDESEADOS<\/strong>.<br>\u00a1PARA RUBIOS FR\u00cdOS, BLANCOS Y\/O GRISES ULTRANATURALES Y LUMINOSOS!<\/p>\n<\/div><\/div>\n\n\n\n<h1 class=\"wp-block-heading has-text-align-center has-text-color\" style=\"color:#8583be\">Descubre&nbsp;los productos<\/h1>\n\n\n\n<div class=\"wp-block-columns alignwide is-layout-flex wp-container-core-columns-is-layout-9d6595d7 wp-block-columns-is-layout-flex\">\n<div class=\"wp-block-column is-layout-flow wp-block-column-is-layout-flow\" style=\"padding-top:0;padding-right:0;padding-bottom:0;padding-left:0\"><div class=\"wp-block-image\">\n<figure class=\"aligncenter size-full\"><img loading=\"lazy\" decoding=\"async\" width=\"600\" height=\"851\" src=\"https:\/\/yellowprofesional.com.co\/wp-content\/uploads\/2023\/04\/shampoo-1-600x0-c-default.png\" alt=\"\" class=\"wp-image-253\" srcset=\"https:\/\/yellowprofesional.com.co\/wp-content\/uploads\/2023\/04\/shampoo-1-600x0-c-default.png 600w, https:\/\/yellowprofesional.com.co\/wp-content\/uploads\/2023\/04\/shampoo-1-600x0-c-default-212x300.png 212w\" sizes=\"auto, (max-width: 600px) 100vw, 600px\" \/><\/figure>\n<\/div>\n\n\n<h5 class=\"wp-block-heading has-text-align-center\" style=\"font-style:normal;font-weight:700\"><strong>SHAMPOO<\/strong><\/h5>\n\n\n\n<p class=\"has-text-align-center\">LIMPIA Y ELIMINA LOS TONOS AMARILLOS\/NARANJA INDESEADOS.<\/p>\n<\/div>\n\n\n\n<div class=\"wp-block-column is-layout-flow wp-block-column-is-layout-flow\" style=\"padding-top:0;padding-right:0;padding-bottom:0;padding-left:0\"><div class=\"wp-block-image\">\n<figure class=\"aligncenter size-full\"><img loading=\"lazy\" decoding=\"async\" width=\"600\" height=\"851\" src=\"https:\/\/yellowprofesional.com.co\/wp-content\/uploads\/2023\/04\/conditioner-1-600x0-c-default.png\" alt=\"\" class=\"wp-image-254\" srcset=\"https:\/\/yellowprofesional.com.co\/wp-content\/uploads\/2023\/04\/conditioner-1-600x0-c-default.png 600w, https:\/\/yellowprofesional.com.co\/wp-content\/uploads\/2023\/04\/conditioner-1-600x0-c-default-212x300.png 212w\" sizes=\"auto, (max-width: 600px) 100vw, 600px\" \/><\/figure>\n<\/div>\n\n\n<h5 class=\"wp-block-heading has-text-align-center\" style=\"font-style:normal;font-weight:700\"><strong>CONDITIONER<\/strong><\/h5>\n\n\n\n<p class=\"has-text-align-center\">SUAVIZA Y ELIMINA LOS TONOS AMARILLOS\/NARANJA INDESEADOS.<\/p>\n<\/div>\n\n\n\n<div class=\"wp-block-column is-layout-flow wp-block-column-is-layout-flow\" style=\"padding-top:0;padding-right:0;padding-bottom:0;padding-left:0\"><div class=\"wp-block-image\">\n<figure class=\"aligncenter size-full\"><img loading=\"lazy\" decoding=\"async\" width=\"600\" height=\"851\" src=\"https:\/\/yellowprofesional.com.co\/wp-content\/uploads\/2023\/04\/pure_silver-1-600x0-c-default.png\" alt=\"\" class=\"wp-image-255\" srcset=\"https:\/\/yellowprofesional.com.co\/wp-content\/uploads\/2023\/04\/pure_silver-1-600x0-c-default.png 600w, https:\/\/yellowprofesional.com.co\/wp-content\/uploads\/2023\/04\/pure_silver-1-600x0-c-default-212x300.png 212w\" sizes=\"auto, (max-width: 600px) 100vw, 600px\" \/><\/figure>\n<\/div>\n\n\n<h5 class=\"wp-block-heading has-text-align-center\" style=\"font-style:normal;font-weight:700\"><strong>PURE SILVER<\/strong><\/h5>\n\n\n\n<p class=\"has-text-align-center\">NEUTRALIZA LOS TONOS AMARILLOS\/NARANJA M\u00c1S DIF\u00cdCILES DE ELIMINAR Y PERSONALIZA LOS SERVICIOS EN SAL\u00d3N.<\/p>\n<\/div>\n<\/div>\n\n\n\n<div class=\"wp-block-cover alignfull is-light\"><span aria-hidden=\"true\" class=\"wp-block-cover__background has-background-dim-100 has-background-dim\" style=\"background-color:#f2f9fc\"><\/span><div class=\"wp-block-cover__inner-container is-layout-flow wp-block-cover-is-layout-flow\">\n<div class=\"wp-block-columns alignwide is-layout-flex wp-container-core-columns-is-layout-9d6595d7 wp-block-columns-is-layout-flex\">\n<div class=\"wp-block-column is-layout-flow wp-block-column-is-layout-flow\" style=\"padding-top:0;padding-right:0;padding-bottom:0;padding-left:0\">\n<figure class=\"wp-block-image size-full\"><img loading=\"lazy\" decoding=\"async\" width=\"640\" height=\"685\" src=\"https:\/\/yellowprofesional.com.co\/wp-content\/uploads\/2023\/04\/ingredienti.png\" alt=\"\" class=\"wp-image-252\" srcset=\"https:\/\/yellowprofesional.com.co\/wp-content\/uploads\/2023\/04\/ingredienti.png 640w, https:\/\/yellowprofesional.com.co\/wp-content\/uploads\/2023\/04\/ingredienti-280x300.png 280w\" sizes=\"auto, (max-width: 640px) 100vw, 640px\" \/><\/figure>\n<\/div>\n\n\n\n<div class=\"wp-block-column is-layout-flow wp-block-column-is-layout-flow\" style=\"padding-top:0;padding-right:0;padding-bottom:0;padding-left:0\">\n<h3 class=\"wp-block-heading has-text-color\" style=\"color:#8583be\"><strong>DE LA NATURALEZA UN ARMA DOBLE<\/strong><\/h3>\n\n\n\n<h1 class=\"wp-block-heading has-secondary-color has-text-color\">contra los reflejos amarillos<\/h1>\n\n\n\n<figure class=\"wp-block-image size-full\"><img loading=\"lazy\" decoding=\"async\" width=\"106\" height=\"110\" src=\"https:\/\/yellowprofesional.com.co\/wp-content\/uploads\/2023\/04\/vegan-new-1.png\" alt=\"\" class=\"wp-image-152\"\/><\/figure>\n\n\n\n<h5 class=\"wp-block-heading has-text-color\" style=\"color:#8583be;font-style:normal;font-weight:700\">BAYAS DE A\u00c7A\u00cd<\/h5>\n\n\n\n<p>ESTE\u00a0<strong>SUPERALIMENTO<\/strong>\u00a0CON UN\u00a0<strong>INTENSO COLOR VIOLETA<\/strong>, CONTRACOLOR POR EXCELENCIA DE LOS TONOS AMARILLOS,\u00a0<strong>ACT\u00daA EN PROFUNDIDAD SOBRE LAS CAUSAS<\/strong>\u00a0QUE PROVOCAN EL\u00a0<strong>AMARILLAMIENTO DEL CABELLO<\/strong>.<\/p>\n\n\n\n<h5 class=\"wp-block-heading has-text-color\" style=\"color:#8583be;font-style:normal;font-weight:700\">ROSA DE JERIC\u00d3<\/h5>\n\n\n\n<p>USADA EN LOS AMBIENTES DOM\u00c9STICOS PARA CONTRARRESTAR LA PRESENCIA DE OLORES Y HUMOS DESAGRADABLES,\u00a0<strong>EN EL CABELLO FORMA UN ESCUDO EXTERIOR<\/strong>\u00a0CAPAZ DE\u00a0<strong>PROTEGERLE FRENTE AL AMARILLAMIENTO DEBIDO A LA CONTAMINACI\u00d3N COTIDIANA<\/strong>.<\/p>\n<\/div>\n<\/div>\n<\/div><\/div>\n\n\n\n<h2 class=\"wp-block-heading has-text-align-center has-text-color\" style=\"color:#8583be;font-style:normal;font-weight:700\">NUESTRO MATERIAL DE SOPORTE<\/h2>\n\n\n\n<h1 class=\"wp-block-heading has-text-align-center has-secondary-color has-text-color\">Siempre a tu lado!<\/h1>\n\n\n\n<div class=\"wp-block-buttons is-horizontal is-content-justification-center is-layout-flex wp-container-core-buttons-is-layout-499968f5 wp-block-buttons-is-layout-flex\">\n<div class=\"wp-block-button\"><a class=\"wp-block-button__link has-text-align-center wp-element-button\" href=\"https:\/\/yellowprofesional.com.co\/wp-content\/uploads\/2023\/04\/TECHNI1-1.pdf\" style=\"border-radius:100px\" target=\"_blank\" rel=\"noreferrer noopener\">Descargar material t\u00e9cnico<\/a><\/div>\n<\/div>\n\n\n\n<figure class=\"wp-block-video alignfull\"><video controls poster=\"https:\/\/yellowprofesional.com.co\/wp-content\/uploads\/2023\/04\/preview-video-scaled.jpg\" src=\"https:\/\/player.vimeo.com\/external\/337980815.hd.mp4?s=838936c5ca9ad46764201caafda285087d46b362&amp;profile_id=175\"><\/video><\/figure>\n","protected":false},"excerpt":{"rendered":"<p>Descubre&nbsp;los productos SHAMPOO LIMPIA Y ELIMINA LOS TONOS AMARILLOS\/NARANJA INDESEADOS. CONDITIONER SUAVIZA Y ELIMINA LOS TONOS AMARILLOS\/NARANJA INDESEADOS. PURE SILVER NEUTRALIZA LOS TONOS AMARILLOS\/NARANJA M\u00c1S DIF\u00cdCILES DE ELIMINAR Y PERSONALIZA LOS SERVICIOS EN SAL\u00d3N. NUESTRO MATERIAL DE SOPORTE Siempre a tu lado!<\/p>\n","protected":false},"author":1,"featured_media":0,"parent":0,"menu_order":0,"comment_status":"closed","ping_status":"closed","template":"","meta":{"hide_page_title":"enabled","footnotes":""},"class_list":["post-250","page","type-page","status-publish","hentry"],"_links":{"self":[{"href":"https:\/\/yellowprofesional.com.co\/index.php\/wp-json\/wp\/v2\/pages\/250","targetHints":{"allow":["GET"]}}],"collection":[{"href":"https:\/\/yellowprofesional.com.co\/index.php\/wp-json\/wp\/v2\/pages"}],"about":[{"href":"https:\/\/yellowprofesional.com.co\/index.php\/wp-json\/wp\/v2\/types\/page"}],"author":[{"embeddable":true,"href":"https:\/\/yellowprofesional.com.co\/index.php\/wp-json\/wp\/v2\/users\/1"}],"replies":[{"embeddable":true,"href":"https:\/\/yellowprofesional.com.co\/index.php\/wp-json\/wp\/v2\/comments?post=250"}],"version-history":[{"count":2,"href":"https:\/\/yellowprofesional.com.co\/index.php\/wp-json\/wp\/v2\/pages\/250\/revisions"}],"predecessor-version":[{"id":259,"href":"https:\/\/yellowprofesional.com.co\/index.php\/wp-json\/wp\/v2\/pages\/250\/revisions\/259"}],"wp:attachment":[{"href":"https:\/\/yellowprofesional.com.co\/index.php\/wp-json\/wp\/v2\/media?parent=250"}],"curies":[{"name":"wp","href":"https:\/\/api.w.org\/{rel}","templated":true}]}}