{"id":283,"date":"2023-04-05T14:54:19","date_gmt":"2023-04-05T14:54:19","guid":{"rendered":"https:\/\/yellowprofesional.com.co\/?page_id=283"},"modified":"2023-04-05T14:54:45","modified_gmt":"2023-04-05T14:54:45","slug":"easy-long-2","status":"publish","type":"page","link":"https:\/\/yellowprofesional.com.co\/index.php\/easy-long-2\/","title":{"rendered":"Easy Long"},"content":{"rendered":"\n<div class=\"wp-block-cover alignfull is-light has-custom-content-position is-position-center-right\" style=\"padding-top:0;padding-right:0;padding-bottom:0px;padding-left:0;min-height:670px;aspect-ratio:unset;\"><span aria-hidden=\"true\" class=\"wp-block-cover__background has-background-dim-0 has-background-dim\"><\/span><img loading=\"lazy\" decoding=\"async\" width=\"2560\" height=\"901\" class=\"wp-block-cover__image-background wp-image-284\" alt=\"\" src=\"https:\/\/yellowprofesional.com.co\/wp-content\/uploads\/2023\/04\/banner-long-1-scaled.jpg\" data-object-fit=\"cover\" srcset=\"https:\/\/yellowprofesional.com.co\/wp-content\/uploads\/2023\/04\/banner-long-1-scaled.jpg 2560w, https:\/\/yellowprofesional.com.co\/wp-content\/uploads\/2023\/04\/banner-long-1-300x106.jpg 300w, https:\/\/yellowprofesional.com.co\/wp-content\/uploads\/2023\/04\/banner-long-1-1024x361.jpg 1024w, https:\/\/yellowprofesional.com.co\/wp-content\/uploads\/2023\/04\/banner-long-1-768x270.jpg 768w, https:\/\/yellowprofesional.com.co\/wp-content\/uploads\/2023\/04\/banner-long-1-1536x541.jpg 1536w, https:\/\/yellowprofesional.com.co\/wp-content\/uploads\/2023\/04\/banner-long-1-2048x721.jpg 2048w\" sizes=\"auto, (max-width: 2560px) 100vw, 2560px\" \/><div class=\"wp-block-cover__inner-container is-layout-flow wp-block-cover-is-layout-flow\">\n<h2 class=\"wp-block-heading has-text-align-right\" style=\"font-size:70px;font-style:normal;font-weight:600\">EASY LONG<\/h2>\n\n\n\n<h1 class=\"wp-block-heading has-text-align-right has-text-color\" style=\"color:#378d98\">\u00a1Tener un cabello largo de ensue\u00f1o nunca ha sido cosa f\u00e1cil!<\/h1>\n\n\n\n<p class=\"has-text-align-right\">LA NUEVA L\u013aNEA INNOVADORA DE YELLOW DEDICADA A LAS MUJERES QUE NO VEN CRECER SU CABELLO<\/p>\n<\/div><\/div>\n\n\n\n<h1 class=\"wp-block-heading has-text-align-center has-text-color\" style=\"color:#378d98\">Descubre&nbsp;los productos<\/h1>\n\n\n\n<div class=\"wp-block-columns alignwide is-layout-flex wp-container-core-columns-is-layout-9d6595d7 wp-block-columns-is-layout-flex\">\n<div class=\"wp-block-column is-layout-flow wp-block-column-is-layout-flow\" style=\"padding-top:0;padding-right:0;padding-bottom:0;padding-left:0\"><div class=\"wp-block-image\">\n<figure class=\"aligncenter size-full\"><img loading=\"lazy\" decoding=\"async\" width=\"600\" height=\"851\" src=\"https:\/\/yellowprofesional.com.co\/wp-content\/uploads\/2023\/04\/shampoo-easy-long-600x0-c-default.png\" alt=\"\" class=\"wp-image-288\" srcset=\"https:\/\/yellowprofesional.com.co\/wp-content\/uploads\/2023\/04\/shampoo-easy-long-600x0-c-default.png 600w, https:\/\/yellowprofesional.com.co\/wp-content\/uploads\/2023\/04\/shampoo-easy-long-600x0-c-default-212x300.png 212w\" sizes=\"auto, (max-width: 600px) 100vw, 600px\" \/><\/figure>\n<\/div>\n\n\n<h5 class=\"wp-block-heading has-text-align-center\" style=\"font-style:normal;font-weight:700\"><strong>SHAMPOO<\/strong><\/h5>\n\n\n\n<p class=\"has-text-align-center\">ACELERA EL CRECIMIENTO DEL CABELLO<\/p>\n<\/div>\n\n\n\n<div class=\"wp-block-column is-layout-flow wp-block-column-is-layout-flow\" style=\"padding-top:0;padding-right:0;padding-bottom:0;padding-left:0\"><div class=\"wp-block-image\">\n<figure class=\"aligncenter size-full\"><img loading=\"lazy\" decoding=\"async\" width=\"600\" height=\"851\" src=\"https:\/\/yellowprofesional.com.co\/wp-content\/uploads\/2023\/04\/easy-long-conditioner-600x0-c-default.png\" alt=\"\" class=\"wp-image-287\" srcset=\"https:\/\/yellowprofesional.com.co\/wp-content\/uploads\/2023\/04\/easy-long-conditioner-600x0-c-default.png 600w, https:\/\/yellowprofesional.com.co\/wp-content\/uploads\/2023\/04\/easy-long-conditioner-600x0-c-default-212x300.png 212w\" sizes=\"auto, (max-width: 600px) 100vw, 600px\" \/><\/figure>\n<\/div>\n\n\n<h5 class=\"wp-block-heading has-text-align-center\" style=\"font-style:normal;font-weight:700\"><strong>CONDITIONER<\/strong><\/h5>\n\n\n\n<p class=\"has-text-align-center\">FORTALECE EL CABELLO PARA UN CRECIMIENTO VIGOROSO<\/p>\n<\/div>\n\n\n\n<div class=\"wp-block-column is-layout-flow wp-block-column-is-layout-flow\" style=\"padding-top:0;padding-right:0;padding-bottom:0;padding-left:0\"><div class=\"wp-block-image\">\n<figure class=\"aligncenter size-full\"><img loading=\"lazy\" decoding=\"async\" width=\"600\" height=\"851\" src=\"https:\/\/yellowprofesional.com.co\/wp-content\/uploads\/2023\/04\/tonic-easy-long-600x0-c-default.png\" alt=\"\" class=\"wp-image-289\" srcset=\"https:\/\/yellowprofesional.com.co\/wp-content\/uploads\/2023\/04\/tonic-easy-long-600x0-c-default.png 600w, https:\/\/yellowprofesional.com.co\/wp-content\/uploads\/2023\/04\/tonic-easy-long-600x0-c-default-212x300.png 212w\" sizes=\"auto, (max-width: 600px) 100vw, 600px\" \/><\/figure>\n<\/div>\n\n\n<h5 class=\"wp-block-heading has-text-align-center\" style=\"font-style:normal;font-weight:700\"><strong>TONIC<\/strong><\/h5>\n\n\n\n<p class=\"has-text-align-center\">ACELERA EL CRECIMIENTO DEL CABELLO<\/p>\n<\/div>\n<\/div>\n\n\n\n<div class=\"wp-block-cover alignfull is-light\"><span aria-hidden=\"true\" class=\"wp-block-cover__background has-background-dim-100 has-background-dim\" style=\"background-color:#f2fafd\"><\/span><div class=\"wp-block-cover__inner-container is-layout-flow wp-block-cover-is-layout-flow\">\n<div class=\"wp-block-columns alignwide is-layout-flex wp-container-core-columns-is-layout-9d6595d7 wp-block-columns-is-layout-flex\">\n<div class=\"wp-block-column is-layout-flow wp-block-column-is-layout-flow\" style=\"padding-top:0;padding-right:0;padding-bottom:0;padding-left:0\">\n<figure class=\"wp-block-image size-full\"><img loading=\"lazy\" decoding=\"async\" width=\"640\" height=\"685\" src=\"https:\/\/yellowprofesional.com.co\/wp-content\/uploads\/2023\/04\/spagnolo-1.png\" alt=\"\" class=\"wp-image-285\" srcset=\"https:\/\/yellowprofesional.com.co\/wp-content\/uploads\/2023\/04\/spagnolo-1.png 640w, https:\/\/yellowprofesional.com.co\/wp-content\/uploads\/2023\/04\/spagnolo-1-280x300.png 280w\" sizes=\"auto, (max-width: 640px) 100vw, 640px\" \/><\/figure>\n<\/div>\n\n\n\n<div class=\"wp-block-column is-layout-flow wp-block-column-is-layout-flow\" style=\"padding-top:0;padding-right:0;padding-bottom:0;padding-left:0\">\n<h1 class=\"wp-block-heading has-secondary-color has-text-color\">Secreto natural<\/h1>\n\n\n\n<h3 class=\"wp-block-heading has-text-color\" style=\"color:#378d98\"><strong><strong>CON OR\u00cdGENES<br>MARINOS<\/strong><\/strong><\/h3>\n\n\n\n<figure class=\"wp-block-image size-full\"><img loading=\"lazy\" decoding=\"async\" width=\"106\" height=\"110\" src=\"https:\/\/yellowprofesional.com.co\/wp-content\/uploads\/2023\/04\/vegan-new-1.png\" alt=\"\" class=\"wp-image-152\"\/><\/figure>\n\n\n\n<h5 class=\"wp-block-heading has-text-color\" style=\"color:#378d98;font-style:normal;font-weight:700\">ALGA DE TAHIT\u00cd<\/h5>\n\n\n\n<p>DEL MAR DE POLINESIA, UN INGREDIENTE ACTIVO RICO EN\u00a0<strong>MINERALES, VITAMINAS, CAROTENOIDES, PROTE\u00cdNAS Y \u00c1CIDOS GRASOS POLIINSATURADOS.<\/strong>\u00a0EL ALGA DE TAHIT\u00cd PUEDE CULTIVARSE EN CONDICIONES CONTROLADAS Y ESTABLES\u00a0<strong>EN EL PLENO RESPETO DEL MEDIO AMBIENTE<\/strong>.<\/p>\n<\/div>\n<\/div>\n\n\n\n<h2 class=\"wp-block-heading has-text-align-center has-text-color\" style=\"color:#378d98;font-style:normal;font-weight:700\">ALGUNOS PEQUE\u00d1OS CONSEJOS<\/h2>\n\n\n\n<h1 class=\"wp-block-heading has-text-align-center has-secondary-color has-text-color\">para conseguir un cabello largo y sano:<\/h1>\n\n\n\n<div class=\"wp-block-columns is-layout-flex wp-container-core-columns-is-layout-9d6595d7 wp-block-columns-is-layout-flex\">\n<div class=\"wp-block-column is-layout-flow wp-block-column-is-layout-flow\">\n<p>1.&nbsp;<strong>EMPIEZA A CEPILLAR EL CABELLO DESDE LAS PUNTAS<\/strong>: DE ESTA FORMA ES M\u00c1S F\u00c1CIL DESENREDAR LOS NUDOS Y NO SE ESTROPEA EL LARGO DEL CABELLO.<\/p>\n\n\n\n<p>2.&nbsp;NO UTILICES EL CEPILLO PARA PEINAR EL CABELLO MOJADO, MEJOR&nbsp;<strong>DESENREDARLO CON LOS DEDOS<\/strong>\u2026 \u00a1EL CABELLO ES M\u00c1S FR\u00c1GIL CUANDO EST\u00c1 MOJADO!<\/p>\n\n\n\n<p>3.<strong>&nbsp;NO DEJES EL CABELLO<\/strong>&nbsp;MUY TIRANTE AL RECOGERLO Y PRESTA ATENCI\u00d3N A LA ELECCI\u00d3N DEL EL\u00c1STICO: OPTA POR AQUELLOS SIN UNI\u00d3N MET\u00c1LICA PARA NO DA\u00d1AR EL CABELLO.<\/p>\n<\/div>\n\n\n\n<div class=\"wp-block-column is-layout-flow wp-block-column-is-layout-flow\">\n<p>4.&nbsp;\u00a1TEN CUIDADO CON EL MODO EN QUE SECAS EL CABELLO!<strong>&nbsp;NO LO FRICCIONES CON LA TOALLA<\/strong>, INTENTA SIMPLEMENTE DAR TOQUES CON ELLA PARA EVITAR QUE SE ROMPAN.<\/p>\n\n\n\n<p>5.\u00a0<strong>NO LAVES EL CABELLO MUY A MENUDO\u2026<\/strong><br>CON 2 O 3 VECES A LA SEMANA ES SUFICIENTE.<\/p>\n\n\n\n<h1 class=\"wp-block-heading has-secondary-color has-text-color\">\u00a1Tu cabello te lo agradecer\u00e1!<\/h1>\n<\/div>\n<\/div>\n<\/div><\/div>\n\n\n\n<figure class=\"wp-block-video alignfull\"><video controls poster=\"https:\/\/yellowprofesional.com.co\/wp-content\/uploads\/2023\/04\/preview-video-1-scaled.jpg\" src=\"https:\/\/player.vimeo.com\/external\/387669153.hd.mp4?s=3c0fe593c4385251e1717463d9d0f560cb1ea500&amp;profile_id=175\"><\/video><\/figure>\n","protected":false},"excerpt":{"rendered":"<p>Descubre&nbsp;los productos SHAMPOO ACELERA EL CRECIMIENTO DEL CABELLO CONDITIONER FORTALECE EL CABELLO PARA UN CRECIMIENTO VIGOROSO TONIC ACELERA EL CRECIMIENTO DEL CABELLO<\/p>\n","protected":false},"author":1,"featured_media":0,"parent":0,"menu_order":0,"comment_status":"closed","ping_status":"closed","template":"","meta":{"hide_page_title":"enabled","footnotes":""},"class_list":["post-283","page","type-page","status-publish","hentry"],"_links":{"self":[{"href":"https:\/\/yellowprofesional.com.co\/index.php\/wp-json\/wp\/v2\/pages\/283","targetHints":{"allow":["GET"]}}],"collection":[{"href":"https:\/\/yellowprofesional.com.co\/index.php\/wp-json\/wp\/v2\/pages"}],"about":[{"href":"https:\/\/yellowprofesional.com.co\/index.php\/wp-json\/wp\/v2\/types\/page"}],"author":[{"embeddable":true,"href":"https:\/\/yellowprofesional.com.co\/index.php\/wp-json\/wp\/v2\/users\/1"}],"replies":[{"embeddable":true,"href":"https:\/\/yellowprofesional.com.co\/index.php\/wp-json\/wp\/v2\/comments?post=283"}],"version-history":[{"count":2,"href":"https:\/\/yellowprofesional.com.co\/index.php\/wp-json\/wp\/v2\/pages\/283\/revisions"}],"predecessor-version":[{"id":291,"href":"https:\/\/yellowprofesional.com.co\/index.php\/wp-json\/wp\/v2\/pages\/283\/revisions\/291"}],"wp:attachment":[{"href":"https:\/\/yellowprofesional.com.co\/index.php\/wp-json\/wp\/v2\/media?parent=283"}],"curies":[{"name":"wp","href":"https:\/\/api.w.org\/{rel}","templated":true}]}}