{"id":71,"date":"2023-04-04T02:50:45","date_gmt":"2023-04-04T02:50:45","guid":{"rendered":"https:\/\/yellowprofesional.com.co\/?page_id=71"},"modified":"2023-04-04T13:00:08","modified_gmt":"2023-04-04T13:00:08","slug":"color","status":"publish","type":"page","link":"https:\/\/yellowprofesional.com.co\/index.php\/color\/","title":{"rendered":"Color"},"content":{"rendered":"\n<div class=\"wp-block-cover alignfull is-light has-custom-content-position is-position-center-right\" style=\"padding-top:0;padding-right:0;padding-bottom:0px;padding-left:0;min-height:670px;aspect-ratio:unset;\"><span aria-hidden=\"true\" class=\"wp-block-cover__background has-background-dim-0 has-background-dim\"><\/span><img loading=\"lazy\" decoding=\"async\" width=\"2560\" height=\"901\" class=\"wp-block-cover__image-background wp-image-92\" alt=\"\" src=\"https:\/\/yellowprofesional.com.co\/wp-content\/uploads\/2023\/04\/banner-color1-scaled.jpg\" style=\"object-position:50% 50%\" data-object-fit=\"cover\" data-object-position=\"50% 50%\" srcset=\"https:\/\/yellowprofesional.com.co\/wp-content\/uploads\/2023\/04\/banner-color1-scaled.jpg 2560w, https:\/\/yellowprofesional.com.co\/wp-content\/uploads\/2023\/04\/banner-color1-300x106.jpg 300w, https:\/\/yellowprofesional.com.co\/wp-content\/uploads\/2023\/04\/banner-color1-1024x361.jpg 1024w, https:\/\/yellowprofesional.com.co\/wp-content\/uploads\/2023\/04\/banner-color1-768x270.jpg 768w, https:\/\/yellowprofesional.com.co\/wp-content\/uploads\/2023\/04\/banner-color1-1536x541.jpg 1536w, https:\/\/yellowprofesional.com.co\/wp-content\/uploads\/2023\/04\/banner-color1-2048x721.jpg 2048w\" sizes=\"auto, (max-width: 2560px) 100vw, 2560px\" \/><div class=\"wp-block-cover__inner-container is-layout-flow wp-block-cover-is-layout-flow\">\n<h2 class=\"wp-block-heading has-text-align-right\" style=\"font-size:70px;font-style:normal;font-weight:600\">COLOR<\/h2>\n\n\n\n<h1 class=\"wp-block-heading has-text-align-right has-text-color\" style=\"color:#e61940\">Color, resplandor y pasi\u00f3n italiana<br>en los salones de todo el mundo!<\/h1>\n\n\n\n<p class=\"has-text-align-right\">LA COLORACI\u00d3N PERMANENTE QUE HAR\u00c1 LATIR TU CORAZ\u00d3N: <\/p>\n\n\n\n<p class=\"has-text-align-right\">79 MATICES PARA SATISFACER TODAS LAS NECESIDADES, UNA F\u00d3RMULA RICA Y EFICIENTE.<\/p>\n<\/div><\/div>\n\n\n\n<h1 class=\"wp-block-heading has-text-align-center has-secondary-color has-text-color\">Descubre&nbsp;los productos<\/h1>\n\n\n\n<div class=\"wp-block-columns alignwide is-layout-flex wp-container-core-columns-is-layout-9d6595d7 wp-block-columns-is-layout-flex\">\n<div class=\"wp-block-column is-layout-flow wp-block-column-is-layout-flow\" style=\"padding-top:0;padding-right:0;padding-bottom:0;padding-left:0\"><div class=\"wp-block-image\">\n<figure class=\"aligncenter size-full\"><img loading=\"lazy\" decoding=\"async\" width=\"600\" height=\"851\" src=\"https:\/\/yellowprofesional.com.co\/wp-content\/uploads\/2023\/04\/color_color-600x0-c-default.png\" alt=\"\" class=\"wp-image-108\" srcset=\"https:\/\/yellowprofesional.com.co\/wp-content\/uploads\/2023\/04\/color_color-600x0-c-default.png 600w, https:\/\/yellowprofesional.com.co\/wp-content\/uploads\/2023\/04\/color_color-600x0-c-default-212x300.png 212w\" sizes=\"auto, (max-width: 600px) 100vw, 600px\" \/><\/figure>\n<\/div>\n\n\n<h5 class=\"wp-block-heading has-text-align-center\" style=\"font-style:normal;font-weight:700\">COLOR PERMANENT<\/h5>\n\n\n\n<p class=\"has-text-align-center\">FORMULADO PARA GARANTIZAR UNA COBERTURA IMPECABLE, DE LARGA DURACI\u00d3N Y LUMINOSIDAD<\/p>\n<\/div>\n\n\n\n<div class=\"wp-block-column is-layout-flow wp-block-column-is-layout-flow\" style=\"padding-top:0;padding-right:0;padding-bottom:0;padding-left:0\"><div class=\"wp-block-image\">\n<figure class=\"aligncenter size-full\"><img loading=\"lazy\" decoding=\"async\" width=\"600\" height=\"851\" src=\"https:\/\/yellowprofesional.com.co\/wp-content\/uploads\/2023\/04\/color_peroxide40-600x0-c-default.png\" alt=\"\" class=\"wp-image-109\" srcset=\"https:\/\/yellowprofesional.com.co\/wp-content\/uploads\/2023\/04\/color_peroxide40-600x0-c-default.png 600w, https:\/\/yellowprofesional.com.co\/wp-content\/uploads\/2023\/04\/color_peroxide40-600x0-c-default-212x300.png 212w\" sizes=\"auto, (max-width: 600px) 100vw, 600px\" \/><\/figure>\n<\/div>\n\n\n<h5 class=\"wp-block-heading has-text-align-center\" style=\"font-style:normal;font-weight:700\">PEROXIDE<\/h5>\n\n\n\n<p class=\"has-text-align-center\">UNA TEXTURA CREMOSA, F\u00c1CIL DE APLICAR CON PRECISI\u00d3N<\/p>\n<\/div>\n\n\n\n<div class=\"wp-block-column is-layout-flow wp-block-column-is-layout-flow\" style=\"padding-top:0;padding-right:0;padding-bottom:0;padding-left:0\"><div class=\"wp-block-image\">\n<figure class=\"aligncenter size-full\"><img loading=\"lazy\" decoding=\"async\" width=\"600\" height=\"851\" src=\"https:\/\/yellowprofesional.com.co\/wp-content\/uploads\/2023\/04\/PROTECTIVE_OIL_2-600x0-c-default.png\" alt=\"\" class=\"wp-image-113\" srcset=\"https:\/\/yellowprofesional.com.co\/wp-content\/uploads\/2023\/04\/PROTECTIVE_OIL_2-600x0-c-default.png 600w, https:\/\/yellowprofesional.com.co\/wp-content\/uploads\/2023\/04\/PROTECTIVE_OIL_2-600x0-c-default-212x300.png 212w\" sizes=\"auto, (max-width: 600px) 100vw, 600px\" \/><\/figure>\n<\/div>\n\n\n<h5 class=\"wp-block-heading has-text-align-center\" style=\"font-style:normal;font-weight:700\">PROTECTIVE OIL<\/h5>\n\n\n\n<p class=\"has-text-align-center\">UN ACEITE EXCEPCIONAL PARA PROTEGER EL CABELLO DEL TINTE Y LA DECOLORACI\u00d3N<\/p>\n<\/div>\n<\/div>\n\n\n\n<div class=\"wp-block-columns alignwide is-layout-flex wp-container-core-columns-is-layout-9d6595d7 wp-block-columns-is-layout-flex\">\n<div class=\"wp-block-column is-layout-flow wp-block-column-is-layout-flow\" style=\"padding-top:0;padding-right:0;padding-bottom:0;padding-left:0\"><div class=\"wp-block-image\">\n<figure class=\"aligncenter size-full\"><img loading=\"lazy\" decoding=\"async\" width=\"600\" height=\"851\" src=\"https:\/\/yellowprofesional.com.co\/wp-content\/uploads\/2023\/04\/color_tone_creator-600x0-c-default.png\" alt=\"\" class=\"wp-image-110\" srcset=\"https:\/\/yellowprofesional.com.co\/wp-content\/uploads\/2023\/04\/color_tone_creator-600x0-c-default.png 600w, https:\/\/yellowprofesional.com.co\/wp-content\/uploads\/2023\/04\/color_tone_creator-600x0-c-default-212x300.png 212w\" sizes=\"auto, (max-width: 600px) 100vw, 600px\" \/><\/figure>\n<\/div>\n\n\n<h5 class=\"wp-block-heading has-text-align-center\" style=\"font-style:normal;font-weight:700\">TONE-ON-TONE CREATOR<\/h5>\n\n\n\n<p class=\"has-text-align-center\">ACT\u00daA ESPEC\u00cdFICAMENTE SOBRE LA ALCALINIDAD DE YELLOW COLOR, REDUCIENDO SU PH PARA TRANSFORMARLA EN UN VERDADERO TONO SOBRE TONO<\/p>\n<\/div>\n\n\n\n<div class=\"wp-block-column is-layout-flow wp-block-column-is-layout-flow\" style=\"padding-top:0;padding-right:0;padding-bottom:0;padding-left:0\"><div class=\"wp-block-image\">\n<figure class=\"aligncenter size-full\"><img loading=\"lazy\" decoding=\"async\" width=\"600\" height=\"851\" src=\"https:\/\/yellowprofesional.com.co\/wp-content\/uploads\/2023\/04\/color-speed-up-600x0-c-default.png\" alt=\"\" class=\"wp-image-112\" srcset=\"https:\/\/yellowprofesional.com.co\/wp-content\/uploads\/2023\/04\/color-speed-up-600x0-c-default.png 600w, https:\/\/yellowprofesional.com.co\/wp-content\/uploads\/2023\/04\/color-speed-up-600x0-c-default-212x300.png 212w\" sizes=\"auto, (max-width: 600px) 100vw, 600px\" \/><\/figure>\n<\/div>\n\n\n<h5 class=\"wp-block-heading has-text-align-center\" style=\"font-style:normal;font-weight:700\">COLOR SPEED UP<\/h5>\n\n\n\n<p class=\"has-text-align-center\">REDUCE A LA MITAD LOS TIEMPOS DE ACLARACI\u00d3N Y DE APLICACI\u00d3N DEL COLOR, SIN ALTERAR EL RESULTADO FINAL.<\/p>\n<\/div>\n\n\n\n<div class=\"wp-block-column is-layout-flow wp-block-column-is-layout-flow\" style=\"padding-top:0;padding-right:0;padding-bottom:0;padding-left:0\">\n<h5 class=\"wp-block-heading has-text-align-center\" style=\"font-style:normal;font-weight:700\"><\/h5>\n<\/div>\n<\/div>\n\n\n\n<div class=\"wp-block-cover alignfull is-light\"><span aria-hidden=\"true\" class=\"wp-block-cover__background has-background-dim-100 has-background-dim\" style=\"background-color:#fef2f4\"><\/span><div class=\"wp-block-cover__inner-container is-layout-flow wp-block-cover-is-layout-flow\">\n<div class=\"wp-block-columns alignwide is-layout-flex wp-container-core-columns-is-layout-9d6595d7 wp-block-columns-is-layout-flex\">\n<div class=\"wp-block-column is-layout-flow wp-block-column-is-layout-flow\" style=\"padding-top:0;padding-right:0;padding-bottom:0;padding-left:0\">\n<figure class=\"wp-block-image size-full\"><img loading=\"lazy\" decoding=\"async\" width=\"640\" height=\"685\" src=\"https:\/\/yellowprofesional.com.co\/wp-content\/uploads\/2023\/04\/color_ingredients.png\" alt=\"\" class=\"wp-image-190\" srcset=\"https:\/\/yellowprofesional.com.co\/wp-content\/uploads\/2023\/04\/color_ingredients.png 640w, https:\/\/yellowprofesional.com.co\/wp-content\/uploads\/2023\/04\/color_ingredients-280x300.png 280w\" sizes=\"auto, (max-width: 640px) 100vw, 640px\" \/><\/figure>\n<\/div>\n\n\n\n<div class=\"wp-block-column is-layout-flow wp-block-column-is-layout-flow\" style=\"padding-top:0;padding-right:0;padding-bottom:0;padding-left:0\">\n<h3 class=\"wp-block-heading has-text-color\" style=\"color:#e61940\"><strong>NUESTRA F\u00d3RMULA DE COLOR:<\/strong><\/h3>\n\n\n\n<h1 class=\"wp-block-heading has-secondary-color has-text-color\">\u00a1s\u00f3lo tienes que probarla!<\/h1>\n\n\n\n<p><\/p>\n\n\n\n<p><\/p>\n\n\n\n<h5 class=\"wp-block-heading has-text-color\" style=\"color:#e61940;font-style:normal;font-weight:700\">ACEITE DE ARG\u00c1N<\/h5>\n\n\n\n<p>UN EXTRAORDINARIO ELIXIR DE BELLEZA COMO BASE DE LOS TRATAMIENTOS COSM\u00c9TICOS DE LAS MUJERES EN TODO EL MUNDO.&nbsp;<strong>CABELLO<\/strong>&nbsp;INCRE\u00cdBLEMENTE&nbsp;<strong>LUMINOSO Y BRILLANTE<\/strong>.<\/p>\n\n\n\n<p><\/p>\n\n\n\n<h5 class=\"wp-block-heading has-text-color\" style=\"color:#e61940;font-style:normal;font-weight:700\">ALOETRIX<\/h5>\n\n\n\n<p>EXTRAORDINARIO COMPLEJO A BASE DE ALOE VERA, PROTE\u00cdNA DE TRIGO Y FILTRO UV PARA UN&nbsp;<strong>CABELLO SUAVE Y SEDOSO<\/strong>.<\/p>\n<\/div>\n<\/div>\n<\/div><\/div>\n\n\n\n<h2 class=\"wp-block-heading has-text-align-center has-text-color\" style=\"color:#e61940;font-style:normal;font-weight:700\">NUESTRO MATERIAL DE SOPORTE<\/h2>\n\n\n\n<h1 class=\"wp-block-heading has-text-align-center has-secondary-color has-text-color\">Siempre a tu lado!<\/h1>\n\n\n\n<div class=\"wp-block-buttons is-horizontal is-content-justification-center is-layout-flex wp-container-core-buttons-is-layout-499968f5 wp-block-buttons-is-layout-flex\">\n<div class=\"wp-block-button\"><a class=\"wp-block-button__link has-text-align-center wp-element-button\" href=\"https:\/\/yellowprofesional.com.co\/wp-content\/uploads\/2023\/04\/COLOR-LOCANDINA-TECNICA-ESP.pdf\" style=\"border-radius:100px\" target=\"_blank\" rel=\"noreferrer noopener\">Descargar material t\u00e9cnico<\/a><\/div>\n<\/div>\n\n\n\n<figure class=\"wp-block-video alignfull\"><video controls src=\"https:\/\/player.vimeo.com\/external\/516168884.hd.mp4?s=9c91d114f1bb87146c1ea219afc3c7c8c69967ab&amp;profile_id=175\"><\/video><\/figure>\n","protected":false},"excerpt":{"rendered":"<p>Descubre&nbsp;los productos COLOR PERMANENT FORMULADO PARA GARANTIZAR UNA COBERTURA IMPECABLE, DE LARGA DURACI\u00d3N Y LUMINOSIDAD PEROXIDE UNA TEXTURA CREMOSA, F\u00c1CIL DE APLICAR CON PRECISI\u00d3N PROTECTIVE OIL UN ACEITE EXCEPCIONAL PARA PROTEGER EL CABELLO DEL TINTE Y LA DECOLORACI\u00d3N TONE-ON-TONE CREATOR ACT\u00daA ESPEC\u00cdFICAMENTE SOBRE LA ALCALINIDAD DE YELLOW COLOR, REDUCIENDO SU PH PARA TRANSFORMARLA EN UN [&hellip;]<\/p>\n","protected":false},"author":1,"featured_media":0,"parent":0,"menu_order":0,"comment_status":"closed","ping_status":"closed","template":"","meta":{"hide_page_title":"enabled","footnotes":""},"class_list":["post-71","page","type-page","status-publish","hentry"],"_links":{"self":[{"href":"https:\/\/yellowprofesional.com.co\/index.php\/wp-json\/wp\/v2\/pages\/71","targetHints":{"allow":["GET"]}}],"collection":[{"href":"https:\/\/yellowprofesional.com.co\/index.php\/wp-json\/wp\/v2\/pages"}],"about":[{"href":"https:\/\/yellowprofesional.com.co\/index.php\/wp-json\/wp\/v2\/types\/page"}],"author":[{"embeddable":true,"href":"https:\/\/yellowprofesional.com.co\/index.php\/wp-json\/wp\/v2\/users\/1"}],"replies":[{"embeddable":true,"href":"https:\/\/yellowprofesional.com.co\/index.php\/wp-json\/wp\/v2\/comments?post=71"}],"version-history":[{"count":33,"href":"https:\/\/yellowprofesional.com.co\/index.php\/wp-json\/wp\/v2\/pages\/71\/revisions"}],"predecessor-version":[{"id":215,"href":"https:\/\/yellowprofesional.com.co\/index.php\/wp-json\/wp\/v2\/pages\/71\/revisions\/215"}],"wp:attachment":[{"href":"https:\/\/yellowprofesional.com.co\/index.php\/wp-json\/wp\/v2\/media?parent=71"}],"curies":[{"name":"wp","href":"https:\/\/api.w.org\/{rel}","templated":true}]}}